{"id":107,"date":"2024-03-10T18:37:53","date_gmt":"2024-03-10T17:37:53","guid":{"rendered":"https:\/\/labicycrepedupilat.com\/?page_id=107"},"modified":"2024-12-04T15:53:31","modified_gmt":"2024-12-04T14:53:31","slug":"politique-en-matiere-de-cookie","status":"publish","type":"page","link":"https:\/\/labicycrepedupilat.com\/?page_id=107","title":{"rendered":"Politique en mati\u00e8re de cookie"},"content":{"rendered":"\t\t<div data-elementor-type=\"wp-page\" data-elementor-id=\"107\" class=\"elementor elementor-107\">\n\t\t\t\t<div class=\"elementor-element elementor-element-f92227f e-flex e-con-boxed e-con e-parent\" data-id=\"f92227f\" data-element_type=\"container\">\n\t\t\t\t\t<div class=\"e-con-inner\">\n\t\t\t\t<div class=\"elementor-element elementor-element-23d09f7 elementor-widget elementor-widget-heading\" data-id=\"23d09f7\" data-element_type=\"widget\" data-widget_type=\"heading.default\">\n\t\t\t\t<div class=\"elementor-widget-container\">\n\t\t\t\t\t<h2 class=\"elementor-heading-title elementor-size-default\">Politique en mati\u00e8re de cookies<\/h2>\t\t\t\t<\/div>\n\t\t\t\t<\/div>\n\t\t\t\t\t<\/div>\n\t\t\t\t<\/div>\n\t\t<div class=\"elementor-element elementor-element-d0f3c4b e-flex e-con-boxed e-con e-parent\" data-id=\"d0f3c4b\" data-element_type=\"container\">\n\t\t\t\t\t<div class=\"e-con-inner\">\n\t\t\t\t<div class=\"elementor-element elementor-element-36a2d42 elementor-widget elementor-widget-text-editor\" data-id=\"36a2d42\" data-element_type=\"widget\" data-widget_type=\"text-editor.default\">\n\t\t\t\t<div class=\"elementor-widget-container\">\n\t\t\t\t\t\t\t\t\t<h3><strong>1. Qu&rsquo;est-ce qu&rsquo;un cookie ?<\/strong><\/h3><p>Un cookie est un petit fichier constitu\u00e9 de lettres et de chiffres qui est t\u00e9l\u00e9charg\u00e9 sur votre appareil lorsque vous acc\u00e9dez \u00e0 certains sites web. Ces fichiers permettent g\u00e9n\u00e9ralement \u00e0 un site web de reconna\u00eetre l\u2019appareil de l\u2019utilisateur et d\u2019am\u00e9liorer son exp\u00e9rience, comme la m\u00e9morisation des pr\u00e9f\u00e9rences ou des param\u00e8tres linguistiques.<\/p><h3><strong>2. Utilisation des cookies sur notre site<\/strong><\/h3><p>Le site <strong>La Bicycr\u00eape du Pilat<\/strong> n\u2019utilise pas de cookies. Aucune donn\u00e9e n\u2019est collect\u00e9e via des traceurs ou des technologies similaires.<\/p><h3><strong>3. Vos choix concernant les cookies<\/strong><\/h3><p>Bien que notre site n\u2019utilise pas de cookies, vous pouvez toujours g\u00e9rer les cookies sur d\u2019autres sites en ajustant les param\u00e8tres de votre navigateur. Voici des ressources utiles pour vous aider \u00e0 g\u00e9rer ou d\u00e9sactiver les cookies selon le navigateur que vous utilisez :<\/p><ul><li><strong>Firefox<\/strong> : <a href=\"https:\/\/support.mozilla.org\/fr\/kb\/effacer-les-cookies-pour-supprimer-les-informations\" target=\"_new\" rel=\"noopener\">Param\u00e8tres des cookies dans Firefox<\/a><\/li><li><strong>Internet Explorer<\/strong> : <a href=\"https:\/\/support.microsoft.com\/fr-fr\/help\/17442\/windows-internet-explorer-delete-manage-cookies\" target=\"_new\" rel=\"noopener\">Param\u00e8tres des cookies dans Internet Explorer<\/a><\/li><li><strong>Google Chrome<\/strong> : <a target=\"_new\" rel=\"noopener\">Param\u00e8tres des cookies dans Google Chrome<\/a><\/li><li><strong>Safari (OS X)<\/strong> : <a href=\"https:\/\/support.apple.com\/fr-fr\/guide\/safari\/sfri11471\/mac\" target=\"_new\" rel=\"noopener\">Param\u00e8tres des cookies dans Safari<\/a><\/li><li><strong>Safari (iOS)<\/strong> : <a href=\"https:\/\/support.apple.com\/fr-fr\/HT201265\" target=\"_new\" rel=\"noopener\">Param\u00e8tres des cookies dans Safari sur iOS<\/a><\/li><li><strong>Android<\/strong> : <a target=\"_new\" rel=\"noopener\">Param\u00e8tres des cookies dans Android<\/a><\/li><\/ul><p>Si vous souhaitez refuser que vos donn\u00e9es soient collect\u00e9es par Google Analytics sur tous les sites web, vous pouvez suivre ces instructions : <a href=\"https:\/\/tools.google.com\/dlpage\/gaoptout?hl=fr\" target=\"_new\" rel=\"noopener\">D\u00e9sactivation de Google Analytics<\/a>.<\/p><h3><strong>4. Modifications de cette politique<\/strong><\/h3><p>Cette politique en mati\u00e8re de cookies peut \u00eatre mise \u00e0 jour pour refl\u00e9ter des changements r\u00e9glementaires ou techniques. Nous vous encourageons \u00e0 consulter r\u00e9guli\u00e8rement cette page pour rester inform\u00e9(e).<\/p><p><strong>Derni\u00e8re mise \u00e0 jour : 4 d\u00e9cembre 2024<\/strong><\/p>\t\t\t\t\t\t\t\t<\/div>\n\t\t\t\t<\/div>\n\t\t\t\t\t<\/div>\n\t\t\t\t<\/div>\n\t\t\t\t<\/div>\n\t\t","protected":false},"excerpt":{"rendered":"<p>Politique en mati\u00e8re de cookies 1. Qu&rsquo;est-ce qu&rsquo;un cookie ? Un cookie est un petit fichier constitu\u00e9 de lettres et [&hellip;]<\/p>\n","protected":false},"author":1,"featured_media":0,"parent":0,"menu_order":0,"comment_status":"closed","ping_status":"closed","template":"","meta":{"site-sidebar-layout":"no-sidebar","site-content-layout":"","ast-site-content-layout":"full-width-container","site-content-style":"default","site-sidebar-style":"default","ast-global-header-display":"","ast-banner-title-visibility":"","ast-main-header-display":"","ast-hfb-above-header-display":"","ast-hfb-below-header-display":"","ast-hfb-mobile-header-display":"","site-post-title":"disabled","ast-breadcrumbs-content":"","ast-featured-img":"disabled","footer-sml-layout":"","theme-transparent-header-meta":"","adv-header-id-meta":"","stick-header-meta":"","header-above-stick-meta":"","header-main-stick-meta":"","header-below-stick-meta":"","astra-migrate-meta-layouts":"default","ast-page-background-enabled":"default","ast-page-background-meta":{"desktop":{"background-color":"var(--ast-global-color-4)","background-image":"","background-repeat":"repeat","background-position":"center center","background-size":"auto","background-attachment":"scroll","background-type":"","background-media":"","overlay-type":"","overlay-color":"","overlay-opacity":"","overlay-gradient":""},"tablet":{"background-color":"","background-image":"","background-repeat":"repeat","background-position":"center center","background-size":"auto","background-attachment":"scroll","background-type":"","background-media":"","overlay-type":"","overlay-color":"","overlay-opacity":"","overlay-gradient":""},"mobile":{"background-color":"","background-image":"","background-repeat":"repeat","background-position":"center center","background-size":"auto","background-attachment":"scroll","background-type":"","background-media":"","overlay-type":"","overlay-color":"","overlay-opacity":"","overlay-gradient":""}},"ast-content-background-meta":{"desktop":{"background-color":"var(--ast-global-color-5)","background-image":"","background-repeat":"repeat","background-position":"center center","background-size":"auto","background-attachment":"scroll","background-type":"","background-media":"","overlay-type":"","overlay-color":"","overlay-opacity":"","overlay-gradient":""},"tablet":{"background-color":"var(--ast-global-color-5)","background-image":"","background-repeat":"repeat","background-position":"center center","background-size":"auto","background-attachment":"scroll","background-type":"","background-media":"","overlay-type":"","overlay-color":"","overlay-opacity":"","overlay-gradient":""},"mobile":{"background-color":"var(--ast-global-color-5)","background-image":"","background-repeat":"repeat","background-position":"center center","background-size":"auto","background-attachment":"scroll","background-type":"","background-media":"","overlay-type":"","overlay-color":"","overlay-opacity":"","overlay-gradient":""}},"footnotes":""},"class_list":["post-107","page","type-page","status-publish","hentry"],"_links":{"self":[{"href":"https:\/\/labicycrepedupilat.com\/index.php?rest_route=\/wp\/v2\/pages\/107","targetHints":{"allow":["GET"]}}],"collection":[{"href":"https:\/\/labicycrepedupilat.com\/index.php?rest_route=\/wp\/v2\/pages"}],"about":[{"href":"https:\/\/labicycrepedupilat.com\/index.php?rest_route=\/wp\/v2\/types\/page"}],"author":[{"embeddable":true,"href":"https:\/\/labicycrepedupilat.com\/index.php?rest_route=\/wp\/v2\/users\/1"}],"replies":[{"embeddable":true,"href":"https:\/\/labicycrepedupilat.com\/index.php?rest_route=%2Fwp%2Fv2%2Fcomments&post=107"}],"version-history":[{"count":8,"href":"https:\/\/labicycrepedupilat.com\/index.php?rest_route=\/wp\/v2\/pages\/107\/revisions"}],"predecessor-version":[{"id":346,"href":"https:\/\/labicycrepedupilat.com\/index.php?rest_route=\/wp\/v2\/pages\/107\/revisions\/346"}],"wp:attachment":[{"href":"https:\/\/labicycrepedupilat.com\/index.php?rest_route=%2Fwp%2Fv2%2Fmedia&parent=107"}],"curies":[{"name":"wp","href":"https:\/\/api.w.org\/{rel}","templated":true}]}}