{"id":116,"date":"2024-03-10T18:42:09","date_gmt":"2024-03-10T17:42:09","guid":{"rendered":"https:\/\/labicycrepedupilat.com\/?page_id=116"},"modified":"2024-12-04T15:51:09","modified_gmt":"2024-12-04T14:51:09","slug":"politique-de-confidentialite","status":"publish","type":"page","link":"https:\/\/labicycrepedupilat.com\/?page_id=116","title":{"rendered":"Politique de confidentialit\u00e9"},"content":{"rendered":"\t\t<div data-elementor-type=\"wp-page\" data-elementor-id=\"116\" class=\"elementor elementor-116\">\n\t\t\t\t<div class=\"elementor-element elementor-element-6f3b4b4 e-flex e-con-boxed e-con e-parent\" data-id=\"6f3b4b4\" data-element_type=\"container\">\n\t\t\t\t\t<div class=\"e-con-inner\">\n\t\t\t\t<div class=\"elementor-element elementor-element-d9ace5a elementor-widget elementor-widget-heading\" data-id=\"d9ace5a\" data-element_type=\"widget\" data-widget_type=\"heading.default\">\n\t\t\t\t<div class=\"elementor-widget-container\">\n\t\t\t\t\t<h2 class=\"elementor-heading-title elementor-size-default\">Politique de confidentialit\u00e9<\/h2>\t\t\t\t<\/div>\n\t\t\t\t<\/div>\n\t\t\t\t\t<\/div>\n\t\t\t\t<\/div>\n\t\t<div class=\"elementor-element elementor-element-fd64f99 e-flex e-con-boxed e-con e-parent\" data-id=\"fd64f99\" data-element_type=\"container\">\n\t\t\t\t\t<div class=\"e-con-inner\">\n\t\t\t\t<div class=\"elementor-element elementor-element-ce5aab6 elementor-widget elementor-widget-text-editor\" data-id=\"ce5aab6\" data-element_type=\"widget\" data-widget_type=\"text-editor.default\">\n\t\t\t\t<div class=\"elementor-widget-container\">\n\t\t\t\t\t\t\t\t\t<p>La protection de vos donn\u00e9es personnelles est essentielle pour nous. Cette politique de confidentialit\u00e9 explique quelles informations nous recueillons, comment nous les utilisons, et les mesures que nous prenons pour les prot\u00e9ger.<\/p><h3><strong>1. Les informations que nous recueillons<\/strong><\/h3><p>Nous collectons uniquement les informations suivantes :<\/p><ul><li><strong>Adresse e-mail<\/strong>.<\/li><\/ul><p>Ces informations sont recueillies lorsque vous vous inscrivez \u00e0 notre newsletter via le formulaire disponible sur notre site.<\/p><h3><strong>2. Comment nous recueillons les informations<\/strong><\/h3><p>Les informations sont collect\u00e9es de mani\u00e8re volontaire lorsque vous :<\/p><ul><li>Remplissez le formulaire d\u2019inscription \u00e0 notre newsletter.<\/li><\/ul><p>Aucune autre m\u00e9thode de collecte automatique, comme les cookies ou les traceurs, n\u2019est utilis\u00e9e sur notre site.<\/p><h3><strong>3. Pourquoi nous recueillons les informations<\/strong><\/h3><p>Les informations collect\u00e9es sont utilis\u00e9es uniquement dans le cadre suivant :<\/p><ul><li>L\u2019envoi de notre newsletter contenant des actualit\u00e9s, \u00e9v\u00e9nements et informations sur <strong>La Bicycr\u00eape du Pilat<\/strong>.<\/li><\/ul><p>Nous n\u2019utilisons pas vos donn\u00e9es \u00e0 d\u2019autres fins et ne r\u00e9alisons pas de profilage.<\/p><h3><strong>4. Avec qui partageons-nous les informations ?<\/strong><\/h3><p>Nous ne partageons pas vos donn\u00e9es personnelles avec des tiers. Vos donn\u00e9es sont strictement confidentielles et ne seront jamais vendues, lou\u00e9es ou \u00e9chang\u00e9es.<\/p><h3><strong>5. O\u00f9 sont stock\u00e9es les informations ?<\/strong><\/h3><p>Les donn\u00e9es sont stock\u00e9es de mani\u00e8re s\u00e9curis\u00e9e sur la plateforme d\u2019envoi de newsletters que nous utilisons. Nous veillons \u00e0 collaborer uniquement avec des prestataires conformes au RGPD.<\/p><h3><strong>6. Combien de temps sont conserv\u00e9es les informations ?<\/strong><\/h3><p>Vos donn\u00e9es personnelles sont conserv\u00e9es tant que vous \u00eates inscrit \u00e0 notre newsletter. Vous pouvez \u00e0 tout moment :<\/p><ul><li>Demander la suppression de vos donn\u00e9es en nous contactant \u00e0 <strong><a rel=\"noopener\">labicycrepedupilat@mailo.com<\/a><\/strong>.<\/li><li>Vous d\u00e9sinscrire via le lien pr\u00e9sent dans chaque e-mail de la newsletter.<\/li><\/ul><h3><strong>7. Comment nous prot\u00e9geons les informations ?<\/strong><\/h3><p>Nous mettons en place des mesures techniques et organisationnelles pour prot\u00e9ger vos donn\u00e9es personnelles contre :<\/p><ul><li>L\u2019acc\u00e8s non autoris\u00e9.<\/li><li>La modification, la divulgation ou la destruction des donn\u00e9es.<\/li><\/ul><p>Ces mesures incluent l\u2019utilisation de services conformes aux normes de s\u00e9curit\u00e9 actuelles.<\/p><h3><strong>8. Modifications ou mises \u00e0 jour de la Politique de confidentialit\u00e9<\/strong><\/h3><p>Nous nous r\u00e9servons le droit de modifier cette politique de confidentialit\u00e9 \u00e0 tout moment, afin de nous conformer aux exigences l\u00e9gales ou de r\u00e9pondre \u00e0 des modifications concernant notre site ou nos services. La version la plus r\u00e9cente sera toujours disponible sur cette page. Nous vous invitons \u00e0 consulter r\u00e9guli\u00e8rement cette politique de confidentialit\u00e9 pour rester inform\u00e9(e).<\/p><p><strong>Derni\u00e8re mise \u00e0 jour : 4 d\u00e9cembre 2024<\/strong><\/p><p>Pour toute question concernant cette politique de confidentialit\u00e9, vous pouvez nous contacter \u00e0 <strong><a rel=\"noopener\">labicycrepedupilat@mailo.com<\/a><\/strong>.<\/p><h3><strong>Lien vers cette page<\/strong><\/h3><p>Un lien vers cette politique de confidentialit\u00e9 est disponible sur toutes les pages du site.<\/p>\t\t\t\t\t\t\t\t<\/div>\n\t\t\t\t<\/div>\n\t\t\t\t\t<\/div>\n\t\t\t\t<\/div>\n\t\t\t\t<\/div>\n\t\t","protected":false},"excerpt":{"rendered":"<p>Politique de confidentialit\u00e9 La protection de vos donn\u00e9es personnelles est essentielle pour nous. Cette politique de confidentialit\u00e9 explique quelles informations [&hellip;]<\/p>\n","protected":false},"author":1,"featured_media":0,"parent":0,"menu_order":0,"comment_status":"closed","ping_status":"closed","template":"","meta":{"site-sidebar-layout":"no-sidebar","site-content-layout":"","ast-site-content-layout":"full-width-container","site-content-style":"default","site-sidebar-style":"default","ast-global-header-display":"","ast-banner-title-visibility":"","ast-main-header-display":"","ast-hfb-above-header-display":"","ast-hfb-below-header-display":"","ast-hfb-mobile-header-display":"","site-post-title":"disabled","ast-breadcrumbs-content":"","ast-featured-img":"disabled","footer-sml-layout":"","theme-transparent-header-meta":"","adv-header-id-meta":"","stick-header-meta":"","header-above-stick-meta":"","header-main-stick-meta":"","header-below-stick-meta":"","astra-migrate-meta-layouts":"default","ast-page-background-enabled":"default","ast-page-background-meta":{"desktop":{"background-color":"var(--ast-global-color-4)","background-image":"","background-repeat":"repeat","background-position":"center center","background-size":"auto","background-attachment":"scroll","background-type":"","background-media":"","overlay-type":"","overlay-color":"","overlay-opacity":"","overlay-gradient":""},"tablet":{"background-color":"","background-image":"","background-repeat":"repeat","background-position":"center center","background-size":"auto","background-attachment":"scroll","background-type":"","background-media":"","overlay-type":"","overlay-color":"","overlay-opacity":"","overlay-gradient":""},"mobile":{"background-color":"","background-image":"","background-repeat":"repeat","background-position":"center center","background-size":"auto","background-attachment":"scroll","background-type":"","background-media":"","overlay-type":"","overlay-color":"","overlay-opacity":"","overlay-gradient":""}},"ast-content-background-meta":{"desktop":{"background-color":"var(--ast-global-color-5)","background-image":"","background-repeat":"repeat","background-position":"center center","background-size":"auto","background-attachment":"scroll","background-type":"","background-media":"","overlay-type":"","overlay-color":"","overlay-opacity":"","overlay-gradient":""},"tablet":{"background-color":"var(--ast-global-color-5)","background-image":"","background-repeat":"repeat","background-position":"center center","background-size":"auto","background-attachment":"scroll","background-type":"","background-media":"","overlay-type":"","overlay-color":"","overlay-opacity":"","overlay-gradient":""},"mobile":{"background-color":"var(--ast-global-color-5)","background-image":"","background-repeat":"repeat","background-position":"center center","background-size":"auto","background-attachment":"scroll","background-type":"","background-media":"","overlay-type":"","overlay-color":"","overlay-opacity":"","overlay-gradient":""}},"footnotes":""},"class_list":["post-116","page","type-page","status-publish","hentry"],"_links":{"self":[{"href":"https:\/\/labicycrepedupilat.com\/index.php?rest_route=\/wp\/v2\/pages\/116","targetHints":{"allow":["GET"]}}],"collection":[{"href":"https:\/\/labicycrepedupilat.com\/index.php?rest_route=\/wp\/v2\/pages"}],"about":[{"href":"https:\/\/labicycrepedupilat.com\/index.php?rest_route=\/wp\/v2\/types\/page"}],"author":[{"embeddable":true,"href":"https:\/\/labicycrepedupilat.com\/index.php?rest_route=\/wp\/v2\/users\/1"}],"replies":[{"embeddable":true,"href":"https:\/\/labicycrepedupilat.com\/index.php?rest_route=%2Fwp%2Fv2%2Fcomments&post=116"}],"version-history":[{"count":10,"href":"https:\/\/labicycrepedupilat.com\/index.php?rest_route=\/wp\/v2\/pages\/116\/revisions"}],"predecessor-version":[{"id":342,"href":"https:\/\/labicycrepedupilat.com\/index.php?rest_route=\/wp\/v2\/pages\/116\/revisions\/342"}],"wp:attachment":[{"href":"https:\/\/labicycrepedupilat.com\/index.php?rest_route=%2Fwp%2Fv2%2Fmedia&parent=116"}],"curies":[{"name":"wp","href":"https:\/\/api.w.org\/{rel}","templated":true}]}}