{"id":128,"date":"2024-04-23T14:32:24","date_gmt":"2024-04-23T12:32:24","guid":{"rendered":"https:\/\/labicycrepedupilat.com\/?page_id=128"},"modified":"2025-03-06T14:22:00","modified_gmt":"2025-03-06T13:22:00","slug":"acceuil","status":"publish","type":"page","link":"https:\/\/labicycrepedupilat.com\/","title":{"rendered":"Acceuil"},"content":{"rendered":"\t\t<div data-elementor-type=\"wp-page\" data-elementor-id=\"128\" class=\"elementor elementor-128\">\n\t\t\t\t<div class=\"elementor-element elementor-element-403656e e-flex e-con-boxed e-con e-parent\" data-id=\"403656e\" data-element_type=\"container\">\n\t\t\t\t\t<div class=\"e-con-inner\">\n\t\t\t\t<div class=\"elementor-element elementor-element-a2b2d79 elementor-widget elementor-widget-text-editor\" data-id=\"a2b2d79\" data-element_type=\"widget\" data-widget_type=\"text-editor.default\">\n\t\t\t\t<div class=\"elementor-widget-container\">\n\t\t\t\t\t\t\t\t\t<p style=\"text-align: center;\"><span style=\"font-size: 18pt; color: #ffff99; font-family: ryman-eco;\">D\u00e9couvrez une cr\u00eaperie \u00e9colo \u00e0 v\u00e9lo,\u00a0o\u00f9 chaque bouch\u00e9e gourmande<\/span><\/p><p style=\"text-align: center;\"><span style=\"font-size: 18pt; color: #ffff99; font-family: ryman-eco;\">vous emm\u00e8ne vers un avenir plus vert!<\/span><\/p>\t\t\t\t\t\t\t\t<\/div>\n\t\t\t\t<\/div>\n\t\t\t\t\t<\/div>\n\t\t\t\t<\/div>\n\t\t<div class=\"elementor-element elementor-element-51dc38e e-grid e-con-boxed e-con e-parent\" data-id=\"51dc38e\" data-element_type=\"container\">\n\t\t\t\t\t<div class=\"e-con-inner\">\n\t\t\t\t<div class=\"elementor-element elementor-element-044575f elementor-widget elementor-widget-image\" data-id=\"044575f\" data-element_type=\"widget\" data-widget_type=\"image.default\">\n\t\t\t\t<div class=\"elementor-widget-container\">\n\t\t\t\t\t\t\t\t\t\t\t\t\t\t\t<img fetchpriority=\"high\" decoding=\"async\" width=\"1024\" height=\"974\" src=\"https:\/\/labicycrepedupilat.com\/wp-content\/uploads\/2025\/01\/22-e1738156533184-1024x974.jpg\" class=\"attachment-large size-large wp-image-409\" alt=\"\" srcset=\"https:\/\/labicycrepedupilat.com\/wp-content\/uploads\/2025\/01\/22-e1738156533184-1024x974.jpg 1024w, https:\/\/labicycrepedupilat.com\/wp-content\/uploads\/2025\/01\/22-e1738156533184-300x285.jpg 300w, https:\/\/labicycrepedupilat.com\/wp-content\/uploads\/2025\/01\/22-e1738156533184-768x730.jpg 768w, https:\/\/labicycrepedupilat.com\/wp-content\/uploads\/2025\/01\/22-e1738156533184.jpg 1136w\" sizes=\"(max-width: 1024px) 100vw, 1024px\" \/>\t\t\t\t\t\t\t\t\t\t\t\t\t\t\t<\/div>\n\t\t\t\t<\/div>\n\t\t\t\t<div class=\"elementor-element elementor-element-4305509 elementor-widget elementor-widget-image\" data-id=\"4305509\" data-element_type=\"widget\" data-widget_type=\"image.default\">\n\t\t\t\t<div class=\"elementor-widget-container\">\n\t\t\t\t\t\t\t\t\t\t\t\t\t\t\t<img decoding=\"async\" width=\"1024\" height=\"576\" src=\"https:\/\/labicycrepedupilat.com\/wp-content\/uploads\/2025\/01\/06-1024x576.jpg\" class=\"attachment-large size-large wp-image-412\" alt=\"\" srcset=\"https:\/\/labicycrepedupilat.com\/wp-content\/uploads\/2025\/01\/06-1024x576.jpg 1024w, https:\/\/labicycrepedupilat.com\/wp-content\/uploads\/2025\/01\/06-300x169.jpg 300w, https:\/\/labicycrepedupilat.com\/wp-content\/uploads\/2025\/01\/06-768x432.jpg 768w, https:\/\/labicycrepedupilat.com\/wp-content\/uploads\/2025\/01\/06-1536x864.jpg 1536w, https:\/\/labicycrepedupilat.com\/wp-content\/uploads\/2025\/01\/06.jpg 1920w\" sizes=\"(max-width: 1024px) 100vw, 1024px\" \/>\t\t\t\t\t\t\t\t\t\t\t\t\t\t\t<\/div>\n\t\t\t\t<\/div>\n\t\t\t\t<div class=\"elementor-element elementor-element-7ca825b elementor-widget elementor-widget-image\" data-id=\"7ca825b\" data-element_type=\"widget\" data-widget_type=\"image.default\">\n\t\t\t\t<div class=\"elementor-widget-container\">\n\t\t\t\t\t\t\t\t\t\t\t\t\t\t\t<img decoding=\"async\" width=\"1024\" height=\"743\" src=\"https:\/\/labicycrepedupilat.com\/wp-content\/uploads\/2025\/01\/39-e1738157229281-1024x743.jpg\" class=\"attachment-large size-large wp-image-411\" alt=\"\" srcset=\"https:\/\/labicycrepedupilat.com\/wp-content\/uploads\/2025\/01\/39-e1738157229281-1024x743.jpg 1024w, https:\/\/labicycrepedupilat.com\/wp-content\/uploads\/2025\/01\/39-e1738157229281-300x218.jpg 300w, https:\/\/labicycrepedupilat.com\/wp-content\/uploads\/2025\/01\/39-e1738157229281-768x557.jpg 768w, https:\/\/labicycrepedupilat.com\/wp-content\/uploads\/2025\/01\/39-e1738157229281.jpg 1488w\" sizes=\"(max-width: 1024px) 100vw, 1024px\" \/>\t\t\t\t\t\t\t\t\t\t\t\t\t\t\t<\/div>\n\t\t\t\t<\/div>\n\t\t\t\t\t<\/div>\n\t\t\t\t<\/div>\n\t\t<div class=\"elementor-element elementor-element-da42b03 e-flex e-con-boxed e-con e-parent\" data-id=\"da42b03\" data-element_type=\"container\">\n\t\t\t\t\t<div class=\"e-con-inner\">\n\t\t\t\t<div class=\"elementor-element elementor-element-61c0ef6 elementor-widget elementor-widget-heading\" data-id=\"61c0ef6\" data-element_type=\"widget\" data-widget_type=\"heading.default\">\n\t\t\t\t<div class=\"elementor-widget-container\">\n\t\t\t\t\t<h2 class=\"elementor-heading-title elementor-size-default\">O\u00d9 ME TROUVER ?<\/h2>\t\t\t\t<\/div>\n\t\t\t\t<\/div>\n\t\t\t\t\t<\/div>\n\t\t\t\t<\/div>\n\t\t<div class=\"elementor-element elementor-element-e225fae e-flex e-con-boxed e-con e-parent\" data-id=\"e225fae\" data-element_type=\"container\">\n\t\t\t\t\t<div class=\"e-con-inner\">\n\t\t<div class=\"elementor-element elementor-element-5ab8edd e-con-full e-flex e-con e-child\" data-id=\"5ab8edd\" data-element_type=\"container\">\n\t\t\t\t<div class=\"elementor-element elementor-element-21233cd elementor-widget__width-auto elementor-widget elementor-widget-text-editor\" data-id=\"21233cd\" data-element_type=\"widget\" data-widget_type=\"text-editor.default\">\n\t\t\t\t<div class=\"elementor-widget-container\">\n\t\t\t\t\t\t\t\t\t<p style=\"text-align: center;\"><span style=\"font-family: Belgiano Serif;\">En semaine<\/span><\/p>\t\t\t\t\t\t\t\t<\/div>\n\t\t\t\t<\/div>\n\t\t<div class=\"elementor-element elementor-element-b382c55 e-con-full e-flex e-con e-child\" data-id=\"b382c55\" data-element_type=\"container\">\n\t\t\t\t<div class=\"elementor-element elementor-element-5b1e866 elementor-widget elementor-widget-text-editor\" data-id=\"5b1e866\" data-element_type=\"widget\" data-widget_type=\"text-editor.default\">\n\t\t\t\t<div class=\"elementor-widget-container\">\n\t\t\t\t\t\t\t\t\t<p>Tous les mercredis: au Trente \u00e0 l&rsquo;Espace Saint Germain \u00e0 Vienne &#8211; 11h30 \u00e0 17h<\/p><p>1er vendredi du mois:\u00a0 march\u00e9 d\u2019\u00c9chalas <strong>&#8211;<\/strong> 15h30 \u00e0 18h30<\/p><p>2\u00e8me vendredi du mois: sortie d&rsquo;\u00e9cole \u00e0 la Chapelle Villars <strong>&#8211;<\/strong> 16h \u00e0 18h<\/p><p>3\u00e8me vendredi du mois: ferme de la Vallerine au Coin \u00e0 Chapelle Villars &#8211; 16h \u00e0 19h<\/p><p>4\u00e8me vendredi du mois: AMAP de Condrieu <strong>&#8211;<\/strong> 18h30 \u00e0 19h30<\/p>\t\t\t\t\t\t\t\t<\/div>\n\t\t\t\t<\/div>\n\t\t\t\t<\/div>\n\t\t\t\t<\/div>\n\t\t<div class=\"elementor-element elementor-element-34e04aa e-con-full e-flex e-con e-child\" data-id=\"34e04aa\" data-element_type=\"container\">\n\t\t\t\t<div class=\"elementor-element elementor-element-f8214fd elementor-widget elementor-widget-text-editor\" data-id=\"f8214fd\" data-element_type=\"widget\" data-widget_type=\"text-editor.default\">\n\t\t\t\t<div class=\"elementor-widget-container\">\n\t\t\t\t\t\t\t\t\t<p style=\"text-align: center;\"><span style=\"font-family: 'Belgiano Serif;\">Lors d\u2019\u00e9v\u00e9nement<\/span><\/p>\t\t\t\t\t\t\t\t<\/div>\n\t\t\t\t<\/div>\n\t\t<div class=\"elementor-element elementor-element-d0005cf e-con-full e-flex e-con e-child\" data-id=\"d0005cf\" data-element_type=\"container\">\n\t\t\t\t<div class=\"elementor-element elementor-element-24a18b0 elementor-widget elementor-widget-text-editor\" data-id=\"24a18b0\" data-element_type=\"widget\" data-widget_type=\"text-editor.default\">\n\t\t\t\t<div class=\"elementor-widget-container\">\n\t\t\t\t\t\t\t\t\t<p>Vous m&rsquo;avez peut-\u00eatre crois\u00e9 quelque part par l\u00e0:<\/p><ul><li>Salon du vin bio<\/li><li>Le printemps des fermes<\/li><li>Vent de Bio<\/li><li>F\u00eate de la musique<\/li><li>F\u00eate de la pomme&#8230;<\/li><\/ul>\t\t\t\t\t\t\t\t<\/div>\n\t\t\t\t<\/div>\n\t\t\t\t<\/div>\n\t\t\t\t<\/div>\n\t\t\t\t\t<\/div>\n\t\t\t\t<\/div>\n\t\t<div class=\"elementor-element elementor-element-3937257 e-flex e-con-boxed e-con e-parent\" data-id=\"3937257\" data-element_type=\"container\">\n\t\t\t\t\t<div class=\"e-con-inner\">\n\t\t\t\t<div class=\"elementor-element elementor-element-4179d29 elementor-widget elementor-widget-heading\" data-id=\"4179d29\" data-element_type=\"widget\" data-widget_type=\"heading.default\">\n\t\t\t\t<div class=\"elementor-widget-container\">\n\t\t\t\t\t<div class=\"elementor-heading-title elementor-size-default\">PRIVATISER LA BICYCR\u00caPE<\/div>\t\t\t\t<\/div>\n\t\t\t\t<\/div>\n\t\t\t\t\t<\/div>\n\t\t\t\t<\/div>\n\t\t<div class=\"elementor-element elementor-element-954d94d e-con-full e-flex e-con e-parent\" data-id=\"954d94d\" data-element_type=\"container\">\n\t\t\t\t<div class=\"elementor-element elementor-element-a55f359 elementor-widget__width-initial elementor-widget elementor-widget-text-editor\" data-id=\"a55f359\" data-element_type=\"widget\" data-widget_type=\"text-editor.default\">\n\t\t\t\t<div class=\"elementor-widget-container\">\n\t\t\t\t\t\t\t\t\t<p style=\"text-align: justify;\"><span style=\"font-family: ryman-eco;\">Pour vos diff\u00e9rents \u00e9v\u00e9nements : anniversaire, brunch de mariage, repas d&rsquo;entreprise, f\u00eate associative&#8230;<\/span><\/p><p style=\"text-align: justify;\"><span style=\"font-family: ryman-eco;\">Plusieurs formules sont envisageables en fonction de vos envies : cr\u00eapes sucr\u00e9es, galettes sal\u00e9es, cr\u00eapes ou galettes \u00e0 composer selon un choix d&rsquo;accompagnement pr\u00e9d\u00e9fini, d\u00e9clinaisons (samossas, pancakes&#8230;)<\/span><\/p><p style=\"text-align: justify;\"><span style=\"font-family: ryman-eco;\">Je me d\u00e9place \u00e0 v\u00e9lo dans un rayon de 20km autour de Condrieu.<\/span><\/p><p style=\"text-align: justify;\"><span style=\"font-family: ryman-eco;\">Attention, un minimum de 2 heures de prestation est n\u00e9cessaire pour envisager une privatisation.<\/span><\/p><p style=\"text-align: justify;\"><span style=\"font-family: ryman-eco;\">Contactez moi pour en savoir plus.<\/span><\/p>\t\t\t\t\t\t\t\t<\/div>\n\t\t\t\t<\/div>\n\t\t\t\t<\/div>\n\t\t<div class=\"elementor-element elementor-element-d98cab4 e-flex e-con-boxed e-con e-parent\" data-id=\"d98cab4\" data-element_type=\"container\" data-settings=\"{&quot;background_background&quot;:&quot;classic&quot;}\">\n\t\t\t\t\t<div class=\"e-con-inner\">\n\t\t\t\t<div class=\"elementor-element elementor-element-6960656 elementor-widget elementor-widget-heading\" data-id=\"6960656\" data-element_type=\"widget\" data-widget_type=\"heading.default\">\n\t\t\t\t<div class=\"elementor-widget-container\">\n\t\t\t\t\t<h2 class=\"elementor-heading-title elementor-size-default\">LA CARTE<\/h2>\t\t\t\t<\/div>\n\t\t\t\t<\/div>\n\t\t\t\t\t<\/div>\n\t\t\t\t<\/div>\n\t\t<div class=\"elementor-element elementor-element-7297c63 e-flex e-con-boxed e-con e-parent\" data-id=\"7297c63\" data-element_type=\"container\" data-settings=\"{&quot;background_background&quot;:&quot;classic&quot;}\">\n\t\t\t\t\t<div class=\"e-con-inner\">\n\t\t<div class=\"elementor-element elementor-element-93daafc e-con-full e-flex e-con e-child\" data-id=\"93daafc\" data-element_type=\"container\">\n\t\t\t\t<div class=\"elementor-element elementor-element-ced1bac elementor-widget elementor-widget-text-editor\" data-id=\"ced1bac\" data-element_type=\"widget\" data-widget_type=\"text-editor.default\">\n\t\t\t\t<div class=\"elementor-widget-container\">\n\t\t\t\t\t\t\t\t\t<p><span class=\"color_41 wixui-rich-text__text\" style=\"font-size: 24pt;\"><span class=\"wixui-rich-text__text\">Galettes sal\u00e9es<\/span><\/span><\/p>\t\t\t\t\t\t\t\t<\/div>\n\t\t\t\t<\/div>\n\t\t\t\t<div class=\"elementor-element elementor-element-9274455 elementor-widget__width-initial elementor-widget elementor-widget-text-editor\" data-id=\"9274455\" data-element_type=\"widget\" data-widget_type=\"text-editor.default\">\n\t\t\t\t<div class=\"elementor-widget-container\">\n\t\t\t\t\t\t\t\t\t<p style=\"text-align: center;\"><span style=\"font-family: Belgiano;\">&#8211; Jambon\/emmental<br \/><\/span><span style=\"font-family: Belgiano;\">&#8211; V\u00e9g\u00e9tarienne de saison : fromage\/fondue de poireaux\/amandes torr\u00e9fi\u00e9es, <\/span><span style=\"font-family: Belgiano;\">ch\u00e8vre frais\/<\/span><span style=\"font-family: Belgiano;\">courgettes marin\u00e9es\/sauce citronn\u00e9e, en fonction des produits du moment<\/span><\/p>\t\t\t\t\t\t\t\t<\/div>\n\t\t\t\t<\/div>\n\t\t\t\t<\/div>\n\t\t<div class=\"elementor-element elementor-element-f0e6aae e-con-full e-flex e-con e-child\" data-id=\"f0e6aae\" data-element_type=\"container\">\n\t\t\t\t<div class=\"elementor-element elementor-element-ff37fef elementor-widget elementor-widget-text-editor\" data-id=\"ff37fef\" data-element_type=\"widget\" data-widget_type=\"text-editor.default\">\n\t\t\t\t<div class=\"elementor-widget-container\">\n\t\t\t\t\t\t\t\t\t<p><span class=\"wixui-rich-text__text\" style=\"font-size: 24pt; color: #1e3650;\"><span class=\"color_41 wixui-rich-text__text\">Cr\u00eapes sucr\u00e9es<\/span><\/span><\/p>\t\t\t\t\t\t\t\t<\/div>\n\t\t\t\t<\/div>\n\t\t\t\t<div class=\"elementor-element elementor-element-22200f8 elementor-widget__width-initial elementor-widget elementor-widget-text-editor\" data-id=\"22200f8\" data-element_type=\"widget\" data-widget_type=\"text-editor.default\">\n\t\t\t\t<div class=\"elementor-widget-container\">\n\t\t\t\t\t\t\t\t\t<p><span style=\"font-family: Belgiano; color: #1e3650;\">&#8211; Caramel au beurre sal\u00e9 maison<\/span><br \/><span style=\"font-family: Belgiano; color: #1e3650;\">&#8211; P\u00e2te \u00e0 tartiner<\/span><br \/><span style=\"font-family: Belgiano; color: #1e3650;\">&#8211; Confiture selon la saison<br \/><\/span><span style=\"font-family: Belgiano; color: #1e3650;\">&#8211; Beurre, sucre et citron<\/span><br \/><span style=\"font-family: Belgiano; color: #1e3650;\">&#8211; Sucre ou sucre sureau<\/span><br \/><span style=\"font-family: Belgiano; color: #1e3650;\">&#8211; Cr\u00eape de saison :<\/span><span style=\"font-family: Belgiano; color: #1e3650;\">fraises\/biscuits sabl\u00e9s\/ chantilly, fait maison.<\/span><\/p>\t\t\t\t\t\t\t\t<\/div>\n\t\t\t\t<\/div>\n\t\t\t\t<\/div>\n\t\t\t\t\t<\/div>\n\t\t\t\t<\/div>\n\t\t<div class=\"elementor-element elementor-element-2bc94fc e-flex e-con-boxed e-con e-parent\" data-id=\"2bc94fc\" data-element_type=\"container\">\n\t\t\t\t\t<div class=\"e-con-inner\">\n\t\t<div class=\"elementor-element elementor-element-86e8933 e-con-full e-flex e-con e-child\" data-id=\"86e8933\" data-element_type=\"container\">\n\t\t\t\t<div class=\"elementor-element elementor-element-4993eae elementor-widget__width-initial elementor-widget elementor-widget-heading\" data-id=\"4993eae\" data-element_type=\"widget\" data-widget_type=\"heading.default\">\n\t\t\t\t<div class=\"elementor-widget-container\">\n\t\t\t\t\t<h2 class=\"elementor-heading-title elementor-size-default\">CONCEPTION DU TRICYCLE<\/h2>\t\t\t\t<\/div>\n\t\t\t\t<\/div>\n\t\t\t\t<div class=\"elementor-element elementor-element-dcdc570 elementor-widget__width-initial elementor-widget elementor-widget-text-editor\" data-id=\"dcdc570\" data-element_type=\"widget\" data-widget_type=\"text-editor.default\">\n\t\t\t\t<div class=\"elementor-widget-container\">\n\t\t\t\t\t\t\t\t\t<div class=\"\" data-mesh-id=\"comp-lnfw47klinlineContent\" data-testid=\"inline-content\"><div data-mesh-id=\"comp-lnfw47klinlineContent-gridContainer\" data-testid=\"mesh-container-content\"><div id=\"comp-lnfw47kq\" class=\"HcOXKn c9GqVL QxJLC3 comp-lnfw47kq wixui-rich-text\" data-testid=\"richTextElement\"><p class=\"font_8 wixui-rich-text__text\" style=\"text-align: justify;\"><span class=\"wixui-rich-text__text\">Cette activit\u00e9 de cr\u00eaperie ambulante en mode food bike ne peut se faire sans bike.<\/span><\/p><p class=\"font_8 wixui-rich-text__text\" style=\"text-align: justify;\"><span class=\"wixui-rich-text__text\">C&rsquo;est le socle de ce projet : avoir un v\u00e9lo comme espace de travail, peu impactant pour l&rsquo;environnement, autonome quel que soit le contexte et facile \u00e0 installer!<\/span><\/p><p class=\"font_8 wixui-rich-text__text\" style=\"text-align: justify;\"><span class=\"wixui-rich-text__text\">La rencontre avec la start up viennoise Cyclauto r\u00e9pond aux d\u00e9fis techniques et \u00e9thiques de La Bicycr\u00eape du Pilat.<br \/><\/span><\/p><\/div><\/div><\/div>\t\t\t\t\t\t\t\t<\/div>\n\t\t\t\t<\/div>\n\t\t\t\t<\/div>\n\t\t\t\t\t<\/div>\n\t\t\t\t<\/div>\n\t\t<div class=\"elementor-element elementor-element-f34814e e-flex e-con-boxed e-con e-parent\" data-id=\"f34814e\" data-element_type=\"container\" data-settings=\"{&quot;background_background&quot;:&quot;classic&quot;}\">\n\t\t\t\t\t<div class=\"e-con-inner\">\n\t\t\t\t<div class=\"elementor-element elementor-element-9af0a4b elementor-widget elementor-widget-heading\" data-id=\"9af0a4b\" data-element_type=\"widget\" data-widget_type=\"heading.default\">\n\t\t\t\t<div class=\"elementor-widget-container\">\n\t\t\t\t\t<h2 class=\"elementor-heading-title elementor-size-default\">MES FOURNISSEURS<\/h2>\t\t\t\t<\/div>\n\t\t\t\t<\/div>\n\t\t\t\t<div class=\"elementor-element elementor-element-fef20bf elementor-widget__width-initial elementor-widget elementor-widget-text-editor\" data-id=\"fef20bf\" data-element_type=\"widget\" data-widget_type=\"text-editor.default\">\n\t\t\t\t<div class=\"elementor-widget-container\">\n\t\t\t\t\t\t\t\t\t<div id=\"comp-lnft6115\" class=\"HcOXKn c9GqVL QxJLC3 comp-lnft6115 wixui-rich-text\" data-testid=\"richTextElement\"><ul><li>Domaine de Mart\u00e8ne\/Estrablin: farine de sarrasin, farine de bl\u00e9 tendre et huile de tournesol bio fait par de jeunes agriculteurs.<\/li><li>Cochons d\u2019Ana\u00efs\/Aux Haies: \u00e9levage de porcs en plein air conduits en agriculture biologique par Anais Devun.<\/li><li>Ferme de la Vallerine\/La Chapelle Villars: exploitation mara\u00eech\u00e8re de la famille Pugnet en agriculture biologique.<\/li><li>Florent Michel\/Condrieu: mara\u00eecher en agriculture biologique.<\/li><li>Ferme de Chipier\/Tupins-et-Semons: \u00e9levage de poules pondeuses, ferme familliale en agriculture biologique.<\/li><li>Ferme Satre-Julien\/Aux Haies: exploitation familiale d&rsquo;une centaine de ch\u00e8vres dont le lait est enti\u00e8rement transform\u00e9 \u00e0 la ferme.<\/li><li>Jeannette cueillette\/Malleval: productrice de plantes aromatiques et de fleurs comestibles.<\/li><\/ul><\/div>\t\t\t\t\t\t\t\t<\/div>\n\t\t\t\t<\/div>\n\t\t\t\t\t<\/div>\n\t\t\t\t<\/div>\n\t\t<div class=\"elementor-element elementor-element-b06b3ae e-flex e-con-boxed e-con e-parent\" data-id=\"b06b3ae\" data-element_type=\"container\">\n\t\t\t\t\t<div class=\"e-con-inner\">\n\t\t\t\t<div class=\"elementor-element elementor-element-e4facd4 elementor-widget elementor-widget-heading\" data-id=\"e4facd4\" data-element_type=\"widget\" data-widget_type=\"heading.default\">\n\t\t\t\t<div class=\"elementor-widget-container\">\n\t\t\t\t\t<h2 class=\"elementor-heading-title elementor-size-default\">LES VALEURS D\u00c9FENDUES<\/h2>\t\t\t\t<\/div>\n\t\t\t\t<\/div>\n\t\t\t\t<div class=\"elementor-element elementor-element-8f52b36 elementor-widget elementor-widget-text-editor\" data-id=\"8f52b36\" data-element_type=\"widget\" data-widget_type=\"text-editor.default\">\n\t\t\t\t<div class=\"elementor-widget-container\">\n\t\t\t\t\t\t\t\t\t<div id=\"comp-lnfwbd8j\" class=\"HcOXKn c9GqVL QxJLC3 comp-lnfwbd8j wixui-rich-text\" data-testid=\"richTextElement\"><ul class=\"font_8 wixui-rich-text__text\"><li class=\"wixui-rich-text__text\"><p class=\"font_8 wixui-rich-text__text\"><span class=\"wixui-rich-text__text\">Le bio et le local parce que c&rsquo;est bon, c&rsquo;est proche et que l&rsquo;on rencontre des tas de personnes sympas, engag\u00e9es, inspirantes\u2026<\/span><\/p><\/li><li class=\"wixui-rich-text__text\"><p class=\"font_8 wixui-rich-text__text\"><span class=\"wixui-rich-text__text\">La saisonnalit\u00e9 parce que c&rsquo;est \u00e9vident, on se doit de respecter le rythme du monde animal et v\u00e9g\u00e9tal.<\/span><\/p><\/li><li class=\"wixui-rich-text__text\"><p class=\"font_8 wixui-rich-text__text\"><span class=\"wixui-rich-text__text\">Le r\u00e9emploi et le circuit court parce que trier c&rsquo;est bien mais ne pas jeter c&rsquo;est mieux, tout comme r\u00e9duire son impact carbone en limitant ses d\u00e9placements et en \u00e9vitant les interm\u00e9diaires.<\/span><\/p><\/li><li class=\"wixui-rich-text__text\"><p class=\"font_8 wixui-rich-text__text\"><span class=\"wixui-rich-text__text\">La dynamique locale\u00a0parce que chaque territoire a son histoire, ses sp\u00e9cificit\u00e9s et qu&rsquo;il est important de contribuer \u00e0 son rayonnement.<\/span><\/p><\/li><\/ul><\/div>\t\t\t\t\t\t\t\t<\/div>\n\t\t\t\t<\/div>\n\t\t\t\t\t<\/div>\n\t\t\t\t<\/div>\n\t\t\t\t<\/div>\n\t\t","protected":false},"excerpt":{"rendered":"<p>D\u00e9couvrez une cr\u00eaperie \u00e9colo \u00e0 v\u00e9lo,\u00a0o\u00f9 chaque bouch\u00e9e gourmande vous emm\u00e8ne vers un avenir plus vert! O\u00d9 ME TROUVER ? [&hellip;]<\/p>\n","protected":false},"author":1,"featured_media":0,"parent":0,"menu_order":0,"comment_status":"closed","ping_status":"closed","template":"","meta":{"site-sidebar-layout":"no-sidebar","site-content-layout":"","ast-site-content-layout":"full-width-container","site-content-style":"default","site-sidebar-style":"default","ast-global-header-display":"","ast-banner-title-visibility":"","ast-main-header-display":"","ast-hfb-above-header-display":"","ast-hfb-below-header-display":"","ast-hfb-mobile-header-display":"","site-post-title":"disabled","ast-breadcrumbs-content":"","ast-featured-img":"disabled","footer-sml-layout":"","theme-transparent-header-meta":"","adv-header-id-meta":"","stick-header-meta":"","header-above-stick-meta":"","header-main-stick-meta":"","header-below-stick-meta":"","astra-migrate-meta-layouts":"default","ast-page-background-enabled":"default","ast-page-background-meta":{"desktop":{"background-color":"var(--ast-global-color-4)","background-image":"","background-repeat":"repeat","background-position":"center center","background-size":"auto","background-attachment":"scroll","background-type":"","background-media":"","overlay-type":"","overlay-color":"","overlay-opacity":"","overlay-gradient":""},"tablet":{"background-color":"","background-image":"","background-repeat":"repeat","background-position":"center center","background-size":"auto","background-attachment":"scroll","background-type":"","background-media":"","overlay-type":"","overlay-color":"","overlay-opacity":"","overlay-gradient":""},"mobile":{"background-color":"","background-image":"","background-repeat":"repeat","background-position":"center center","background-size":"auto","background-attachment":"scroll","background-type":"","background-media":"","overlay-type":"","overlay-color":"","overlay-opacity":"","overlay-gradient":""}},"ast-content-background-meta":{"desktop":{"background-color":"var(--ast-global-color-5)","background-image":"","background-repeat":"repeat","background-position":"center center","background-size":"auto","background-attachment":"scroll","background-type":"","background-media":"","overlay-type":"","overlay-color":"","overlay-opacity":"","overlay-gradient":""},"tablet":{"background-color":"var(--ast-global-color-5)","background-image":"","background-repeat":"repeat","background-position":"center center","background-size":"auto","background-attachment":"scroll","background-type":"","background-media":"","overlay-type":"","overlay-color":"","overlay-opacity":"","overlay-gradient":""},"mobile":{"background-color":"var(--ast-global-color-5)","background-image":"","background-repeat":"repeat","background-position":"center center","background-size":"auto","background-attachment":"scroll","background-type":"","background-media":"","overlay-type":"","overlay-color":"","overlay-opacity":"","overlay-gradient":""}},"footnotes":""},"class_list":["post-128","page","type-page","status-publish","hentry"],"_links":{"self":[{"href":"https:\/\/labicycrepedupilat.com\/index.php?rest_route=\/wp\/v2\/pages\/128","targetHints":{"allow":["GET"]}}],"collection":[{"href":"https:\/\/labicycrepedupilat.com\/index.php?rest_route=\/wp\/v2\/pages"}],"about":[{"href":"https:\/\/labicycrepedupilat.com\/index.php?rest_route=\/wp\/v2\/types\/page"}],"author":[{"embeddable":true,"href":"https:\/\/labicycrepedupilat.com\/index.php?rest_route=\/wp\/v2\/users\/1"}],"replies":[{"embeddable":true,"href":"https:\/\/labicycrepedupilat.com\/index.php?rest_route=%2Fwp%2Fv2%2Fcomments&post=128"}],"version-history":[{"count":156,"href":"https:\/\/labicycrepedupilat.com\/index.php?rest_route=\/wp\/v2\/pages\/128\/revisions"}],"predecessor-version":[{"id":428,"href":"https:\/\/labicycrepedupilat.com\/index.php?rest_route=\/wp\/v2\/pages\/128\/revisions\/428"}],"wp:attachment":[{"href":"https:\/\/labicycrepedupilat.com\/index.php?rest_route=%2Fwp%2Fv2%2Fmedia&parent=128"}],"curies":[{"name":"wp","href":"https:\/\/api.w.org\/{rel}","templated":true}]}}